{"id":336,"date":"2022-03-12T14:22:57","date_gmt":"2022-03-12T18:22:57","guid":{"rendered":"https:\/\/conexa-partners.com\/equipo\/"},"modified":"2022-06-07T16:56:39","modified_gmt":"2022-06-07T20:56:39","slug":"equipo","status":"publish","type":"page","link":"https:\/\/conexa-partners.com\/es\/equipo\/","title":{"rendered":"Equipo"},"content":{"rendered":"\t\t<div data-elementor-type=\"wp-page\" data-elementor-id=\"336\" class=\"elementor elementor-336 elementor-165\" data-elementor-post-type=\"page\">\n\t\t\t\t\t\t<section class=\"wd-negative-gap elementor-section elementor-top-section elementor-element elementor-element-f2a82a4 elementor-section-full_width elementor-section-height-min-height wd-section-stretch-content elementor-section-height-default elementor-section-items-middle\" data-id=\"f2a82a4\" data-element_type=\"section\" data-e-type=\"section\" data-settings=\"{&quot;background_background&quot;:&quot;classic&quot;}\">\n\t\t\t\t\t\t\t<div class=\"elementor-background-overlay\"><\/div>\n\t\t\t\t\t\t\t<div class=\"elementor-container elementor-column-gap-no\">\n\t\t\t\t\t<div class=\"elementor-column elementor-col-100 elementor-top-column elementor-element elementor-element-0df0845\" data-id=\"0df0845\" data-element_type=\"column\" data-e-type=\"column\">\n\t\t\t<div class=\"elementor-widget-wrap elementor-element-populated\">\n\t\t\t\t\t\t<div class=\"elementor-element elementor-element-2b89ebf elementor-widget elementor-widget-heading\" data-id=\"2b89ebf\" data-element_type=\"widget\" data-e-type=\"widget\" data-widget_type=\"heading.default\">\n\t\t\t\t<div class=\"elementor-widget-container\">\n\t\t\t\t\t<h2 class=\"elementor-heading-title elementor-size-default\">Equipo<\/h2>\t\t\t\t<\/div>\n\t\t\t\t<\/div>\n\t\t\t\t<div class=\"elementor-element elementor-element-6cab06e elementor-widget elementor-widget-shortcode\" data-id=\"6cab06e\" data-element_type=\"widget\" data-e-type=\"widget\" data-widget_type=\"shortcode.default\">\n\t\t\t\t<div class=\"elementor-widget-container\">\n\t\t\t\t\t\t\t<div class=\"elementor-shortcode\">\t\t<div data-elementor-type=\"widget\" data-elementor-id=\"154\" class=\"elementor elementor-154\" data-elementor-post-type=\"elementor_library\">\n\t\t\t\t\t\t<div class=\"elementor-element elementor-element-154 elementor-widget elementor-widget-shortcode\" data-id=\"154\" data-element_type=\"widget\" data-e-type=\"widget\" data-widget_type=\"shortcode.default\">\n\t\t\t\t<div class=\"elementor-widget-container\">\n\t\t\t\t\t\t\t<div class=\"elementor-shortcode\"><div align=\"center\">\n\t\t\t\t<form action=\"\" method=\"post\" class=\"searchandfilter\">\n\t\t\t\t\t<div><ul><li><input type=\"text\" name=\"ofsearch\" placeholder=\"Search &hellip;\" value=\"\"><\/li><li><select  name='ofoficina' id='ofoficina' class='postform'>\n\t<option value='0' selected='selected'>Oficinas<\/option>\n\t<option class=\"level-0\" value=\"43\">San Jos\u00e9<\/option>\n\t<option class=\"level-0\" value=\"42\">Guanacaste<\/option>\n<\/select>\n<input type=\"hidden\" name=\"ofoficina_operator\" value=\"and\" \/><\/li><li><select  name='ofposicion' id='ofposicion' class='postform'>\n\t<option value='0' selected='selected'>Todos los cargos<\/option>\n\t<option class=\"level-0\" value=\"45\">Socio director<\/option>\n\t<option class=\"level-0\" value=\"130\">Socio de Pr\u00e1ctica<\/option>\n\t<option class=\"level-0\" value=\"44\">Abogado<\/option>\n<\/select>\n<input type=\"hidden\" name=\"ofposicion_operator\" value=\"and\" \/><\/li><li><select  name='ofarea_practica' id='ofarea_practica' class='postform'>\n\t<option value='0' selected='selected'>Todas las \u00e1reas<\/option>\n\t<option class=\"level-0\" value=\"49\">Banca y Finanzas<\/option>\n\t<option class=\"level-0\" value=\"52\">Competencia y Antimonopolio<\/option>\n\t<option class=\"level-0\" value=\"53\">Cumplimiento y ESG<\/option>\n\t<option class=\"level-0\" value=\"54\">Derecho de la Construcci\u00f3n<\/option>\n\t<option class=\"level-0\" value=\"55\">Servicios legales corporativos y servicios de asesoramiento general<\/option>\n\t<option class=\"level-0\" value=\"56\">Privacidad de datos y ciberseguridad<\/option>\n\t<option class=\"level-0\" value=\"57\">Mesa de Expertos<\/option>\n\t<option class=\"level-0\" value=\"58\">Resoluci\u00f3n de disputas (arbitraje)<\/option>\n\t<option class=\"level-0\" value=\"148\">Litigio<\/option>\n\t<option class=\"level-0\" value=\"61\">Propiedad Intelectual<\/option>\n\t<option class=\"level-0\" value=\"63\">Trabajo y Empleo<\/option>\n\t<option class=\"level-0\" value=\"51\">Ley del Cannabis para uso medicinal y terap\u00e9utico y del C\u00e1\u00f1amo para uso alimentario e industrial<\/option>\n\t<option class=\"level-0\" value=\"60\">Migraci\u00f3n<\/option>\n\t<option class=\"level-0\" value=\"141\">Licitaciones<\/option>\n\t<option class=\"level-0\" value=\"65\">Bienes Ra\u00edces<\/option>\n<\/select>\n<input type=\"hidden\" name=\"ofarea_practica_operator\" value=\"and\" \/><\/li><li><input type=\"hidden\" id=\"_searchandfilter_nonce\" name=\"_searchandfilter_nonce\" value=\"22a9c928f8\" \/><input type=\"hidden\" name=\"_wp_http_referer\" value=\"\/es\/wp-json\/wp\/v2\/pages\/336\" \/><input type=\"hidden\" name=\"ofsubmitted\" value=\"1\"><input type=\"submit\" value=\"SEARCH\"><\/li><\/ul><\/div><\/form><\/div><\/div>\n\t\t\t\t\t\t<\/div>\n\t\t\t\t<\/div>\n\t\t\t\t<\/div>\n\t\t<\/div>\n\t\t\t\t\t\t<\/div>\n\t\t\t\t<\/div>\n\t\t\t\t\t<\/div>\n\t\t<\/div>\n\t\t\t\t\t<\/div>\n\t\t<\/section>\n\t\t\t\t<section class=\"wd-negative-gap elementor-section elementor-top-section elementor-element elementor-element-1a47dc9 elementor-section-full_width wd-section-stretch-content elementor-section-height-default elementor-section-height-default\" data-id=\"1a47dc9\" data-element_type=\"section\" data-e-type=\"section\" data-settings=\"{&quot;background_background&quot;:&quot;classic&quot;}\">\n\t\t\t\t\t\t<div class=\"elementor-container elementor-column-gap-no\">\n\t\t\t\t\t<div class=\"elementor-column elementor-col-100 elementor-top-column elementor-element elementor-element-543825e\" data-id=\"543825e\" data-element_type=\"column\" data-e-type=\"column\">\n\t\t\t<div class=\"elementor-widget-wrap elementor-element-populated\">\n\t\t\t\t\t\t<div class=\"elementor-element elementor-element-ec9329b elementor-posts--align-center elementor-grid-3 elementor-grid-tablet-2 elementor-grid-mobile-1 elementor-posts--thumbnail-top elementor-widget elementor-widget-posts\" data-id=\"ec9329b\" data-element_type=\"widget\" data-e-type=\"widget\" data-settings=\"{&quot;classic_columns&quot;:&quot;3&quot;,&quot;classic_columns_tablet&quot;:&quot;2&quot;,&quot;classic_columns_mobile&quot;:&quot;1&quot;,&quot;classic_row_gap&quot;:{&quot;unit&quot;:&quot;px&quot;,&quot;size&quot;:35,&quot;sizes&quot;:[]},&quot;classic_row_gap_tablet&quot;:{&quot;unit&quot;:&quot;px&quot;,&quot;size&quot;:&quot;&quot;,&quot;sizes&quot;:[]},&quot;classic_row_gap_mobile&quot;:{&quot;unit&quot;:&quot;px&quot;,&quot;size&quot;:&quot;&quot;,&quot;sizes&quot;:[]}}\" data-widget_type=\"posts.classic\">\n\t\t\t\t<div class=\"elementor-widget-container\">\n\t\t\t\t\t\t\t<div class=\"elementor-posts-container elementor-posts elementor-posts--skin-classic elementor-grid\" role=\"list\">\n\t\t\t\t<article class=\"elementor-post elementor-grid-item post-327 equipo type-equipo status-publish has-post-thumbnail hentry oficina-san-jose-es oficina-guanacaste-es posicion-socio-director posicion-abogado area_practica-derecho-de-la-construccion area_practica-servicios-legales-corporativos-y-servicios-de-asesoramiento-general area_practica-mesa-de-expertos area_practica-resolucion-de-disputas-arbitraje area_practica-migracion area_practica-bienes-raices\" role=\"listitem\">\n\t\t\t\t<a class=\"elementor-post__thumbnail__link\" href=\"https:\/\/conexa-partners.com\/es\/equipo\/christian-diaz-barcia\/\" tabindex=\"-1\" >\n\t\t\t<div class=\"elementor-post__thumbnail\"><img loading=\"lazy\" decoding=\"async\" width=\"1000\" height=\"1000\" src=\"https:\/\/conexa-partners.com\/wp-content\/uploads\/2022\/04\/Christian-Di\u0301az.png\" class=\"attachment-full size-full wp-image-926\" alt=\"\" srcset=\"https:\/\/conexa-partners.com\/wp-content\/uploads\/2022\/04\/Christian-Di\u0301az.png 1000w, https:\/\/conexa-partners.com\/wp-content\/uploads\/2022\/04\/Christian-Di\u0301az-300x300.png 300w, https:\/\/conexa-partners.com\/wp-content\/uploads\/2022\/04\/Christian-Di\u0301az-150x150.png 150w, https:\/\/conexa-partners.com\/wp-content\/uploads\/2022\/04\/Christian-Di\u0301az-768x768.png 768w\" sizes=\"auto, (max-width: 1000px) 100vw, 1000px\" \/><\/div>\n\t\t<\/a>\n\t\t\t\t<div class=\"elementor-post__text\">\n\t\t\t\t<h3 class=\"elementor-post__title\">\n\t\t\t<a href=\"https:\/\/conexa-partners.com\/es\/equipo\/christian-diaz-barcia\/\" >\n\t\t\t\tChristian D\u00edaz Barcia\t\t\t<\/a>\n\t\t<\/h3>\n\t\t\t\t<div class=\"elementor-post__excerpt\">\n\t\t\t<p>Su pr\u00e1ctica se concentra en Derecho Corporativo, Inversi\u00f3n Extranjera, Derecho de la Construcci\u00f3n, Derecho Inmobiliario, Litigios y Resoluci\u00f3n Alternativa de<\/p>\n\t\t<\/div>\n\t\t\n\t\t<a class=\"elementor-post__read-more\" href=\"https:\/\/conexa-partners.com\/es\/equipo\/christian-diaz-barcia\/\" aria-label=\"Read more about Christian D\u00edaz Barcia\" tabindex=\"-1\" >\n\t\t\tVER PERFIL \u00bb\t\t<\/a>\n\n\t\t\t\t<\/div>\n\t\t\t\t<\/article>\n\t\t\t\t<article class=\"elementor-post elementor-grid-item post-938 equipo type-equipo status-publish has-post-thumbnail hentry oficina-san-jose-es oficina-guanacaste-es posicion-socio-de-practica posicion-abogado area_practica-cumplimiento-y-esg area_practica-servicios-legales-corporativos-y-servicios-de-asesoramiento-general area_practica-privacidad-de-datos-y-ciberseguridad area_practica-propiedad-intelectual area_practica-ley-de-canabis area_practica-bienes-raices\" role=\"listitem\">\n\t\t\t\t<a class=\"elementor-post__thumbnail__link\" href=\"https:\/\/conexa-partners.com\/es\/equipo\/federico-peralta-calzada\/\" tabindex=\"-1\" >\n\t\t\t<div class=\"elementor-post__thumbnail\"><img loading=\"lazy\" decoding=\"async\" width=\"1000\" height=\"1000\" src=\"https:\/\/conexa-partners.com\/wp-content\/uploads\/2022\/04\/Federico-Peralta.png\" class=\"attachment-full size-full wp-image-924\" alt=\"\" srcset=\"https:\/\/conexa-partners.com\/wp-content\/uploads\/2022\/04\/Federico-Peralta.png 1000w, https:\/\/conexa-partners.com\/wp-content\/uploads\/2022\/04\/Federico-Peralta-300x300.png 300w, https:\/\/conexa-partners.com\/wp-content\/uploads\/2022\/04\/Federico-Peralta-150x150.png 150w, https:\/\/conexa-partners.com\/wp-content\/uploads\/2022\/04\/Federico-Peralta-768x768.png 768w\" sizes=\"auto, (max-width: 1000px) 100vw, 1000px\" \/><\/div>\n\t\t<\/a>\n\t\t\t\t<div class=\"elementor-post__text\">\n\t\t\t\t<h3 class=\"elementor-post__title\">\n\t\t\t<a href=\"https:\/\/conexa-partners.com\/es\/equipo\/federico-peralta-calzada\/\" >\n\t\t\t\tFederico Peralta Calzada\t\t\t<\/a>\n\t\t<\/h3>\n\t\t\t\t<div class=\"elementor-post__excerpt\">\n\t\t\t<p>Federico Peralta, Socio a cargo del Departamento de Derecho Corporativo en Conexa Partners. \u00c9l se enfoca en brindar servicios Legales<\/p>\n\t\t<\/div>\n\t\t\n\t\t<a class=\"elementor-post__read-more\" href=\"https:\/\/conexa-partners.com\/es\/equipo\/federico-peralta-calzada\/\" aria-label=\"Read more about Federico Peralta Calzada\" tabindex=\"-1\" >\n\t\t\tVER PERFIL \u00bb\t\t<\/a>\n\n\t\t\t\t<\/div>\n\t\t\t\t<\/article>\n\t\t\t\t<article class=\"elementor-post elementor-grid-item post-932 equipo type-equipo status-publish has-post-thumbnail hentry oficina-san-jose-es oficina-guanacaste-es posicion-socio-de-practica posicion-abogado area_practica-litigation-es area_practica-bienes-raices\" role=\"listitem\">\n\t\t\t\t<a class=\"elementor-post__thumbnail__link\" href=\"https:\/\/conexa-partners.com\/es\/equipo\/fernando-montero-lopez\/\" tabindex=\"-1\" >\n\t\t\t<div class=\"elementor-post__thumbnail\"><img loading=\"lazy\" decoding=\"async\" width=\"1000\" height=\"1000\" src=\"https:\/\/conexa-partners.com\/wp-content\/uploads\/2022\/04\/Fernando-Montero.png\" class=\"attachment-full size-full wp-image-922\" alt=\"\" srcset=\"https:\/\/conexa-partners.com\/wp-content\/uploads\/2022\/04\/Fernando-Montero.png 1000w, https:\/\/conexa-partners.com\/wp-content\/uploads\/2022\/04\/Fernando-Montero-300x300.png 300w, https:\/\/conexa-partners.com\/wp-content\/uploads\/2022\/04\/Fernando-Montero-150x150.png 150w, https:\/\/conexa-partners.com\/wp-content\/uploads\/2022\/04\/Fernando-Montero-768x768.png 768w\" sizes=\"auto, (max-width: 1000px) 100vw, 1000px\" \/><\/div>\n\t\t<\/a>\n\t\t\t\t<div class=\"elementor-post__text\">\n\t\t\t\t<h3 class=\"elementor-post__title\">\n\t\t\t<a href=\"https:\/\/conexa-partners.com\/es\/equipo\/fernando-montero-lopez\/\" >\n\t\t\t\tFernando Montero L\u00f3pez\t\t\t<\/a>\n\t\t<\/h3>\n\t\t\t\t<div class=\"elementor-post__excerpt\">\n\t\t\t<p>Fernando Montero Socio a cargo del Departamento de Bienes Raices en CONEXA PARTNERS. La experiencia de Fernando Montero se enfoca<\/p>\n\t\t<\/div>\n\t\t\n\t\t<a class=\"elementor-post__read-more\" href=\"https:\/\/conexa-partners.com\/es\/equipo\/fernando-montero-lopez\/\" aria-label=\"Read more about Fernando Montero L\u00f3pez\" tabindex=\"-1\" >\n\t\t\tVER PERFIL \u00bb\t\t<\/a>\n\n\t\t\t\t<\/div>\n\t\t\t\t<\/article>\n\t\t\t\t<article class=\"elementor-post elementor-grid-item post-438 equipo type-equipo status-publish has-post-thumbnail hentry oficina-san-jose-es oficina-guanacaste-es posicion-socio-de-practica posicion-abogado area_practica-banca-y-finanzas area_practica-derecho-de-la-construccion area_practica-mesa-de-expertos area_practica-trabajo-y-empleo area_practica-licitaciones-es area_practica-bienes-raices\" role=\"listitem\">\n\t\t\t\t<a class=\"elementor-post__thumbnail__link\" href=\"https:\/\/conexa-partners.com\/es\/equipo\/luis-alonso-quesada-diaz\/\" tabindex=\"-1\" >\n\t\t\t<div class=\"elementor-post__thumbnail\"><img loading=\"lazy\" decoding=\"async\" width=\"1000\" height=\"1000\" src=\"https:\/\/conexa-partners.com\/wp-content\/uploads\/2022\/04\/Luis-Quesadapng.png\" class=\"attachment-full size-full wp-image-928\" alt=\"\" srcset=\"https:\/\/conexa-partners.com\/wp-content\/uploads\/2022\/04\/Luis-Quesadapng.png 1000w, https:\/\/conexa-partners.com\/wp-content\/uploads\/2022\/04\/Luis-Quesadapng-300x300.png 300w, https:\/\/conexa-partners.com\/wp-content\/uploads\/2022\/04\/Luis-Quesadapng-150x150.png 150w, https:\/\/conexa-partners.com\/wp-content\/uploads\/2022\/04\/Luis-Quesadapng-768x768.png 768w\" sizes=\"auto, (max-width: 1000px) 100vw, 1000px\" \/><\/div>\n\t\t<\/a>\n\t\t\t\t<div class=\"elementor-post__text\">\n\t\t\t\t<h3 class=\"elementor-post__title\">\n\t\t\t<a href=\"https:\/\/conexa-partners.com\/es\/equipo\/luis-alonso-quesada-diaz\/\" >\n\t\t\t\tLuis Alonso Quesada D\u00edaz\t\t\t<\/a>\n\t\t<\/h3>\n\t\t\t\t<div class=\"elementor-post__excerpt\">\n\t\t\t<p>Luis Alonso Quesada es Socio a cargo del \u00e1rea de Contrataci\u00f3n Administrativa de CONEXA PARTNERS. Luis Alonso quesada es Notario<\/p>\n\t\t<\/div>\n\t\t\n\t\t<a class=\"elementor-post__read-more\" href=\"https:\/\/conexa-partners.com\/es\/equipo\/luis-alonso-quesada-diaz\/\" aria-label=\"Read more about Luis Alonso Quesada D\u00edaz\" tabindex=\"-1\" >\n\t\t\tVER PERFIL \u00bb\t\t<\/a>\n\n\t\t\t\t<\/div>\n\t\t\t\t<\/article>\n\t\t\t\t<article class=\"elementor-post elementor-grid-item post-437 equipo type-equipo status-publish has-post-thumbnail hentry oficina-san-jose-es oficina-guanacaste-es posicion-socio-de-practica posicion-abogado area_practica-competencia-y-antimonopolio area_practica-servicios-legales-corporativos-y-servicios-de-asesoramiento-general area_practica-litigation-es area_practica-trabajo-y-empleo area_practica-ley-de-canabis\" role=\"listitem\">\n\t\t\t\t<a class=\"elementor-post__thumbnail__link\" href=\"https:\/\/conexa-partners.com\/es\/equipo\/hugo-levy-mairena\/\" tabindex=\"-1\" >\n\t\t\t<div class=\"elementor-post__thumbnail\"><img loading=\"lazy\" decoding=\"async\" width=\"1000\" height=\"1000\" src=\"https:\/\/conexa-partners.com\/wp-content\/uploads\/2022\/04\/Hugo-Levy.png\" class=\"attachment-full size-full wp-image-920\" alt=\"\" srcset=\"https:\/\/conexa-partners.com\/wp-content\/uploads\/2022\/04\/Hugo-Levy.png 1000w, https:\/\/conexa-partners.com\/wp-content\/uploads\/2022\/04\/Hugo-Levy-300x300.png 300w, https:\/\/conexa-partners.com\/wp-content\/uploads\/2022\/04\/Hugo-Levy-150x150.png 150w, https:\/\/conexa-partners.com\/wp-content\/uploads\/2022\/04\/Hugo-Levy-768x768.png 768w\" sizes=\"auto, (max-width: 1000px) 100vw, 1000px\" \/><\/div>\n\t\t<\/a>\n\t\t\t\t<div class=\"elementor-post__text\">\n\t\t\t\t<h3 class=\"elementor-post__title\">\n\t\t\t<a href=\"https:\/\/conexa-partners.com\/es\/equipo\/hugo-levy-mairena\/\" >\n\t\t\t\tHugo Levy Mairena\t\t\t<\/a>\n\t\t<\/h3>\n\t\t\t\t<div class=\"elementor-post__excerpt\">\n\t\t\t<p>Hugo es Socio de CONEXA PARTNERS en la pr\u00e1ctica de Litigios y Corporativo. Es Abogado Litigante y Consultor, con m\u00e1s<\/p>\n\t\t<\/div>\n\t\t\n\t\t<a class=\"elementor-post__read-more\" href=\"https:\/\/conexa-partners.com\/es\/equipo\/hugo-levy-mairena\/\" aria-label=\"Read more about Hugo Levy Mairena\" tabindex=\"-1\" >\n\t\t\tVER PERFIL \u00bb\t\t<\/a>\n\n\t\t\t\t<\/div>\n\t\t\t\t<\/article>\n\t\t\t\t<article class=\"elementor-post elementor-grid-item post-522 equipo type-equipo status-publish has-post-thumbnail hentry oficina-san-jose-es posicion-abogado area_practica-servicios-legales-corporativos-y-servicios-de-asesoramiento-general area_practica-resolucion-de-disputas-arbitraje area_practica-litigation-es area_practica-propiedad-intelectual area_practica-migracion area_practica-licitaciones-es\" role=\"listitem\">\n\t\t\t\t<a class=\"elementor-post__thumbnail__link\" href=\"https:\/\/conexa-partners.com\/es\/equipo\/stephanie-sancho-matarrita\/\" tabindex=\"-1\" >\n\t\t\t<div class=\"elementor-post__thumbnail\"><img loading=\"lazy\" decoding=\"async\" width=\"1000\" height=\"1000\" src=\"https:\/\/conexa-partners.com\/wp-content\/uploads\/2022\/03\/Stephanie-Sancho-Matarrita-1000x1000-1.jpg\" class=\"attachment-full size-full wp-image-1098\" alt=\"\" srcset=\"https:\/\/conexa-partners.com\/wp-content\/uploads\/2022\/03\/Stephanie-Sancho-Matarrita-1000x1000-1.jpg 1000w, https:\/\/conexa-partners.com\/wp-content\/uploads\/2022\/03\/Stephanie-Sancho-Matarrita-1000x1000-1-300x300.jpg 300w, https:\/\/conexa-partners.com\/wp-content\/uploads\/2022\/03\/Stephanie-Sancho-Matarrita-1000x1000-1-150x150.jpg 150w, https:\/\/conexa-partners.com\/wp-content\/uploads\/2022\/03\/Stephanie-Sancho-Matarrita-1000x1000-1-768x768.jpg 768w\" sizes=\"auto, (max-width: 1000px) 100vw, 1000px\" \/><\/div>\n\t\t<\/a>\n\t\t\t\t<div class=\"elementor-post__text\">\n\t\t\t\t<h3 class=\"elementor-post__title\">\n\t\t\t<a href=\"https:\/\/conexa-partners.com\/es\/equipo\/stephanie-sancho-matarrita\/\" >\n\t\t\t\tStephanie Sancho Matarrita\t\t\t<\/a>\n\t\t<\/h3>\n\t\t\t\t<div class=\"elementor-post__excerpt\">\n\t\t\t<p>Stephanie Sancho Matarrita es abogada incorporada al Colegio de Abogados y Abogadas de Costa Rica. Cuenta con m\u00e1s de siete<\/p>\n\t\t<\/div>\n\t\t\n\t\t<a class=\"elementor-post__read-more\" href=\"https:\/\/conexa-partners.com\/es\/equipo\/stephanie-sancho-matarrita\/\" aria-label=\"Read more about Stephanie Sancho Matarrita\" tabindex=\"-1\" >\n\t\t\tVER PERFIL \u00bb\t\t<\/a>\n\n\t\t\t\t<\/div>\n\t\t\t\t<\/article>\n\t\t\t\t<\/div>\n\t\t\n\t\t\t\t\t\t<\/div>\n\t\t\t\t<\/div>\n\t\t\t\t\t<\/div>\n\t\t<\/div>\n\t\t\t\t\t<\/div>\n\t\t<\/section>\n\t\t\t\t<\/div>\n\t\t","protected":false},"excerpt":{"rendered":"<p>Equipo<\/p>\n","protected":false},"author":5,"featured_media":0,"parent":0,"menu_order":0,"comment_status":"closed","ping_status":"closed","template":"elementor_header_footer","meta":{"_acf_changed":false,"footnotes":""},"class_list":["post-336","page","type-page","status-publish","hentry"],"acf":[],"_links":{"self":[{"href":"https:\/\/conexa-partners.com\/es\/wp-json\/wp\/v2\/pages\/336","targetHints":{"allow":["GET"]}}],"collection":[{"href":"https:\/\/conexa-partners.com\/es\/wp-json\/wp\/v2\/pages"}],"about":[{"href":"https:\/\/conexa-partners.com\/es\/wp-json\/wp\/v2\/types\/page"}],"author":[{"embeddable":true,"href":"https:\/\/conexa-partners.com\/es\/wp-json\/wp\/v2\/users\/5"}],"replies":[{"embeddable":true,"href":"https:\/\/conexa-partners.com\/es\/wp-json\/wp\/v2\/comments?post=336"}],"version-history":[{"count":14,"href":"https:\/\/conexa-partners.com\/es\/wp-json\/wp\/v2\/pages\/336\/revisions"}],"predecessor-version":[{"id":1016,"href":"https:\/\/conexa-partners.com\/es\/wp-json\/wp\/v2\/pages\/336\/revisions\/1016"}],"wp:attachment":[{"href":"https:\/\/conexa-partners.com\/es\/wp-json\/wp\/v2\/media?parent=336"}],"curies":[{"name":"wp","href":"https:\/\/api.w.org\/{rel}","templated":true}]}}